{"id":16573,"date":"2016-02-19T09:21:09","date_gmt":"2016-02-19T08:21:09","guid":{"rendered":"https:\/\/www.mip.no\/en\/lokaler\/"},"modified":"2024-08-09T13:52:31","modified_gmt":"2024-08-09T11:52:31","slug":"availability","status":"publish","type":"page","link":"https:\/\/www.mip.no\/en\/availability\/","title":{"rendered":"Availability"},"content":{"rendered":"<section class=\"wpb-content-wrapper\"><p>[vc_row][vc_column][vc_row_inner css=&#8221;.vc_custom_1497429450456{margin-top: 50px !important;}&#8221;][vc_column_inner width=&#8221;1\/2&#8243;][vc_icon icon_fontawesome=&#8221;fa fa-building-o&#8221; color=&#8221;black&#8221; size=&#8221;xl&#8221; align=&#8221;right&#8221;][\/vc_column_inner][vc_column_inner width=&#8221;1\/2&#8243;][vc_icon icon_fontawesome=&#8221;fa fa-industry&#8221; color=&#8221;black&#8221; size=&#8221;xl&#8221;][\/vc_column_inner][\/vc_row_inner][vc_column_text]<\/p>\n<h1>Space for hire in Mo Industrial Park<\/h1>\n<p>[\/vc_column_text][vc_column_text el_class=&#8221;smal center&#8221;]<\/p>\n<h3 style=\"text-align: center;\">We\u2019re always looking to let places for growing businesses \u2013 do not hesitate to <a href=\"\/?page_id=72#kontakt\">get in touch<\/a> if you can\u2019t find what you\u2019re looking for.<\/h3>\n<p>[\/vc_column_text][\/vc_column][\/vc_row][vc_row disable_element=&#8221;yes&#8221;][vc_column width=&#8221;1\/3&#8243;][vc_column_text]<\/p>\n<h2>Production \/ warehouse<\/h2>\n<p><strong>Address: <\/strong>Terminalveien 22, 8626, Mo I Rana[\/vc_column_text][vc_toggle title=&#8221;More info&#8221; style=&#8221;square_outline&#8221; size=&#8221;lg&#8221;]<strong>Attractive premises located in close proximity to the port terminal.<\/strong><\/p>\n<ul>\n<li>13,000 square feet<\/li>\n<li>Possibility of adjacent office and cloakroom facilities.<\/li>\n<\/ul>\n<p>[\/vc_toggle][vc_toggle title=&#8221;Contact info for requests&#8221; style=&#8221;square_outline&#8221; size=&#8221;lg&#8221;]<strong><img loading=\"lazy\" decoding=\"async\" class=\"wp-image-21099 alignnone\" src=\"https:\/\/www.mip.no\/wp-content\/uploads\/2018\/03\/MIP-eiendom-Protrett-26.02.18-6469-830x920.jpg?x80950\" alt=\"\" width=\"232\" height=\"257\" \/><\/strong><\/p>\n<p><strong>Arne Westg\u00e5rd<\/strong><br \/>\nProperty manager \/ department manager<br \/>\n+ 47 915 66 434<br \/>\narne.westgard\u00a0( a ) mip.no[\/vc_toggle][\/vc_column][vc_column width=&#8221;2\/3&#8243;][vc_row_inner][vc_column_inner][vc_images_carousel images=&#8221;24291,24293,24295&#8243; img_size=&#8221;768&#215;400&#8243; onclick=&#8221;link_no&#8221; speed=&#8221;4000&#8243; wrap=&#8221;yes&#8221; el_class=&#8221;center&#8221;][\/vc_column_inner][\/vc_row_inner][\/vc_column][\/vc_row][vc_row][vc_column][vc_separator color=&#8221;custom&#8221; style=&#8221;dashed&#8221; border_width=&#8221;2&#8243; accent_color=&#8221;#002a4d&#8221;][\/vc_column][\/vc_row][vc_row][vc_column width=&#8221;1\/3&#8243;][vc_column_text]<\/p>\n<h2>Office building in Bl\u00e5b\u00e6rveien<\/h2>\n<p><strong>In Bl\u00e5b\u00e6rveien, right by the E6, a plot has been prepared to accommodate new, modern, energy-efficient, and environmentally friendly office buildings.<\/strong><\/p>\n<p>These will become attractive areas, enhancing the industrial park&#8217;s appearance and fostering a more positive image towards the city.[\/vc_column_text][vc_toggle title=&#8221;More Info&#8221; style=&#8221;square_outline&#8221; size=&#8221;lg&#8221;]<\/p>\n<ul>\n<li>Three construction phases totaling approximately 15,000 square meters (GFA). The first phase is planned to be 7,345 square meters (GFA) across six floors.<br \/>\n<u><\/u><\/li>\n<li>Construction duration: 16-18 months.<br \/>\n<u><\/u><\/li>\n<li>Significant area flexibility, adaptable to the needs and preferences of various tenants.<\/li>\n<li>Designed with a &#8220;green roof.&#8221;<\/li>\n<li><u><\/u>The building will be planned, designed, and constructed to achieve a BREEAM certification at the &#8220;Excellent&#8221; level.<\/li>\n<li><u><\/u>The location on Bl\u00e5b\u00e6rveien offers close proximity to the city, shopping, and public transportation.<\/li>\n<\/ul>\n<p>[\/vc_toggle][vc_toggle title=&#8221;Contact info for requests&#8221; style=&#8221;square_outline&#8221; size=&#8221;lg&#8221;]<strong><img loading=\"lazy\" decoding=\"async\" class=\"wp-image-21099 alignnone\" src=\"https:\/\/www.mip.no\/wp-content\/uploads\/2018\/03\/MIP-eiendom-Protrett-26.02.18-6469-830x920.jpg?x80950\" alt=\"\" width=\"232\" height=\"257\" \/><\/strong><\/p>\n<p><strong>Arne Westg\u00e5rd<\/strong><br \/>\nProperty manager \/ department manager<br \/>\n+ 47 915 66 434<br \/>\narne.westgard\u00a0( a ) mip.no[\/vc_toggle][\/vc_column][vc_column width=&#8221;2\/3&#8243;][vc_images_carousel images=&#8221;26009,26007,26005,26003,26001&#8243; img_size=&#8221;768&#215;400&#8243; onclick=&#8221;link_no&#8221; speed=&#8221;4000&#8243; wrap=&#8221;yes&#8221; el_class=&#8221;center&#8221;][\/vc_column][\/vc_row][vc_row][vc_column][vc_separator color=&#8221;custom&#8221; style=&#8221;dashed&#8221; border_width=&#8221;2&#8243; accent_color=&#8221;#002a4d&#8221;][\/vc_column][\/vc_row][vc_row][vc_column width=&#8221;1\/3&#8243;][vc_column_text]<\/p>\n<h2>Offices<\/h2>\n<p><strong>Address<\/strong>: Halvor Heyerdahl&#8217;s Road 31\/33, 8626 Mo i Rana[\/vc_column_text][vc_toggle title=&#8221;More info&#8221; style=&#8221;square_outline&#8221; size=&#8221;lg&#8221;]<strong>2500 square office space available in &#8220;Gulbygget&#8221;.<\/strong><\/p>\n<ul>\n<li>Customizable to customer<\/li>\n<li>Possibility of sectioning or cell offices<\/li>\n<li>Parking spaces outside the building<\/li>\n<li>Access to canteen in the building<\/li>\n<li>Great outdoor areas with bike parking and benches<\/li>\n<\/ul>\n<p>[\/vc_toggle][vc_toggle title=&#8221;Contact info for requests&#8221; style=&#8221;square_outline&#8221; size=&#8221;lg&#8221;]<strong><img loading=\"lazy\" decoding=\"async\" class=\"wp-image-21099 alignnone\" src=\"https:\/\/www.mip.no\/wp-content\/uploads\/2018\/03\/MIP-eiendom-Protrett-26.02.18-6469-830x920.jpg?x80950\" alt=\"\" width=\"232\" height=\"257\" \/><\/strong><\/p>\n<p><strong>Arne Westg\u00e5rd<\/strong><br \/>\nProperty manager \/ department manager<br \/>\n+ 47 915 66 434<br \/>\narne.westgard\u00a0( a ) mip.no[\/vc_toggle][\/vc_column][vc_column width=&#8221;2\/3&#8243; css=&#8221;.vc_custom_1557690857361{padding-right: 80px !important;}&#8221;][vc_wp_text]<\/p>\n<div style=\"padding: 56.25% 0 0 0; position: relative;\"><iframe style=\"position: absolute; top: 0; left: 0; width: 100%; height: 100%;\" src=\"https:\/\/player.vimeo.com\/video\/335728156?title=0&amp;byline=0&amp;portrait=0\" frameborder=\"0\" allowfullscreen=\"allowfullscreen\"><\/iframe><\/div>\n<p><script src=\"https:\/\/player.vimeo.com\/api\/player.js\"><\/script>[\/vc_wp_text][\/vc_column][\/vc_row][vc_row disable_element=&#8221;yes&#8221;][vc_column width=&#8221;1\/3&#8243;][vc_column_text]<\/p>\n<h2>Offices, meeting rooms and associated facilities<\/h2>\n<p><strong>Attractive office space in 5 storey office buildings within Mo Industrial Park.<\/strong><\/p>\n<p><strong>Address:<\/strong>\u00a0Verkstedl\u00f8ypa 24, 8626 Mo i Rana.[\/vc_column_text][vc_toggle title=&#8221;More Info&#8221; style=&#8221;square_outline&#8221; size=&#8221;lg&#8221;]<\/p>\n<ul>\n<li>Parking spaces for rent in the immediate area<\/li>\n<li>Available area about 1500 m2<\/li>\n<li>Access by elevator from ground level to all floors<\/li>\n<li>Heating with electric panel heaters and district heating via ventilation system.<\/li>\n<li>Access to canteen in the area (AGA central workshops) with lunch and dinner service as well as catering.<\/li>\n<\/ul>\n<p>[\/vc_toggle][vc_toggle title=&#8221;Contact info for requests&#8221; style=&#8221;square_outline&#8221; size=&#8221;lg&#8221;]<strong><img loading=\"lazy\" decoding=\"async\" class=\"wp-image-21099 alignnone\" src=\"https:\/\/www.mip.no\/wp-content\/uploads\/2018\/03\/MIP-eiendom-Protrett-26.02.18-6469-830x920.jpg?x80950\" alt=\"\" width=\"232\" height=\"257\" \/><\/strong><\/p>\n<p><strong>Arne Westg\u00e5rd<\/strong><br \/>\nProperty manager \/ department manager<br \/>\n+ 47 915 66 434<br \/>\narne.westgard\u00a0( a ) mip.no[\/vc_toggle][\/vc_column][vc_column width=&#8221;2\/3&#8243;][vc_images_carousel images=&#8221;16491,19432,19431,16490&#8243; img_size=&#8221;768&#215;400&#8243; onclick=&#8221;link_no&#8221; speed=&#8221;4000&#8243; wrap=&#8221;yes&#8221; el_class=&#8221;center&#8221;][\/vc_column][\/vc_row][vc_row][vc_column][vc_separator color=&#8221;custom&#8221; style=&#8221;dashed&#8221; border_width=&#8221;2&#8243; accent_color=&#8221;#002a4d&#8221;][\/vc_column][\/vc_row][vc_row disable_element=&#8221;yes&#8221;][vc_column width=&#8221;1\/3&#8243;][vc_column_text]<\/p>\n<h2>Offices<\/h2>\n<p><strong>Address:<\/strong> Halvor Heyerdahl&#8217;s Road 39, 8626 Mo i Rana[\/vc_column_text][vc_toggle title=&#8221;More info&#8221; style=&#8221;square_outline&#8221; size=&#8221;lg&#8221;]We will completely renovate the premises on the first floor of &#8220;Gulbygget&#8221;.<\/p>\n<p>The picture shows a plan for renovation and reference pictures from completely renovated offices on the second floor. We have designed 20 cell offices with the possibility of sectioning or the possibility of establishing open landscapes.<\/p>\n<ul>\n<li>Modern facilities<\/li>\n<li>Access to canteen in the building<\/li>\n<li>Common area with mini kitchen, meeting room and wardrobes<\/li>\n<li>Parking spaces outside the building<\/li>\n<li>Great outdoor areas with bike parking and benches<\/li>\n<\/ul>\n<p>[\/vc_toggle][vc_toggle title=&#8221;Contact info for requests&#8221; style=&#8221;square_outline&#8221; size=&#8221;lg&#8221;]<strong><img loading=\"lazy\" decoding=\"async\" class=\"wp-image-21099 alignnone\" src=\"https:\/\/www.mip.no\/wp-content\/uploads\/2018\/03\/MIP-eiendom-Protrett-26.02.18-6469-830x920.jpg?x80950\" alt=\"\" width=\"232\" height=\"257\" \/><\/strong><\/p>\n<p><strong>Arne Westg\u00e5rd<\/strong><br \/>\nProperty manager \/ department manager<br \/>\n+ 47 915 66 434<br \/>\narne.westgard\u00a0( a ) mip.no[\/vc_toggle][\/vc_column][vc_column width=&#8221;2\/3&#8243;][vc_row_inner][vc_column_inner][vc_images_carousel images=&#8221;24279,24277,24281,24283,24285,24288&#8243; img_size=&#8221;768&#215;400&#8243; onclick=&#8221;link_no&#8221; speed=&#8221;4000&#8243; wrap=&#8221;yes&#8221; el_class=&#8221;center&#8221;][\/vc_column_inner][\/vc_row_inner][\/vc_column][\/vc_row][vc_row][vc_column width=&#8221;1\/3&#8243;][vc_column_text]<\/p>\n<h2>Offices<\/h2>\n<p><strong>Address:<\/strong> Halvor Heyerdahls vei 48, 8626, Mo i Rana[\/vc_column_text][vc_toggle title=&#8221;More info&#8221; style=&#8221;square_outline&#8221; size=&#8221;lg&#8221;]7 cell offices between 12 and 20 square meters.<\/p>\n<ul>\n<li>Access to canteen<\/li>\n<li>Common area with mini kitchen<\/li>\n<li>Access to wardrobe<\/li>\n<li>Parking spaces nearby<\/li>\n<li>Elevator<\/li>\n<\/ul>\n<p>[\/vc_toggle][vc_toggle title=&#8221;Contact info for requests&#8221; style=&#8221;square_outline&#8221; size=&#8221;lg&#8221;]<strong><img loading=\"lazy\" decoding=\"async\" class=\"wp-image-21099 alignnone\" src=\"https:\/\/www.mip.no\/wp-content\/uploads\/2018\/03\/MIP-eiendom-Protrett-26.02.18-6469-830x920.jpg?x80950\" alt=\"\" width=\"232\" height=\"257\" \/><\/strong><\/p>\n<p><strong>Arne Westg\u00e5rd<\/strong><br \/>\nProperty manager \/ department manager<br \/>\n+ 47 915 66 434<br \/>\narne.westgard\u00a0( a ) mip.no[\/vc_toggle][\/vc_column][vc_column width=&#8221;2\/3&#8243;][vc_row_inner][vc_column_inner][vc_images_carousel images=&#8221;31545,31543,24268,24272,24270&#8243; img_size=&#8221;768&#215;400&#8243; onclick=&#8221;link_no&#8221; speed=&#8221;4000&#8243; wrap=&#8221;yes&#8221; el_class=&#8221;center&#8221;][\/vc_column_inner][\/vc_row_inner][\/vc_column][\/vc_row][vc_row][vc_column][vc_separator color=&#8221;custom&#8221; style=&#8221;dashed&#8221; border_width=&#8221;2&#8243; accent_color=&#8221;#002a4d&#8221;][\/vc_column][\/vc_row][vc_row disable_element=&#8221;yes&#8221;][vc_column width=&#8221;1\/3&#8243;][vc_column_text]<\/p>\n<h2>Offices and workshops<\/h2>\n<p><strong>Address:<\/strong> Valsel\u00f8ypa 15, 8626, Mo i Rana[\/vc_column_text][vc_toggle title=&#8221;More info&#8221; style=&#8221;square_outline&#8221; size=&#8221;lg&#8221;]Workshop premises with associated office facilities.<\/p>\n<ul>\n<li>A total of 250 square meters<\/li>\n<li>Parking outside the building<\/li>\n<\/ul>\n<p>[\/vc_toggle][vc_toggle title=&#8221;Contact info for requests&#8221; style=&#8221;square_outline&#8221; size=&#8221;lg&#8221;]<strong><img loading=\"lazy\" decoding=\"async\" class=\"wp-image-21099 alignnone\" src=\"https:\/\/www.mip.no\/wp-content\/uploads\/2018\/03\/MIP-eiendom-Protrett-26.02.18-6469-830x920.jpg?x80950\" alt=\"\" width=\"232\" height=\"257\" \/><\/strong><\/p>\n<p><strong>Arne Westg\u00e5rd<\/strong><br \/>\nProperty manager \/ department manager<br \/>\n+ 47 915 66 434<br \/>\narne.westgard\u00a0( a ) mip.no[\/vc_toggle][\/vc_column][vc_column width=&#8221;2\/3&#8243;][vc_row_inner][vc_column_inner][vc_images_carousel images=&#8221;24299,24301&#8243; img_size=&#8221;768&#215;400&#8243; onclick=&#8221;link_no&#8221; speed=&#8221;4000&#8243; wrap=&#8221;yes&#8221; el_class=&#8221;center&#8221;][\/vc_column_inner][\/vc_row_inner][\/vc_column][\/vc_row][vc_row disable_element=&#8221;yes&#8221;][vc_column width=&#8221;1\/3&#8243;][vc_column_text]<\/p>\n<h2>Two workshop halls in the same building<\/h2>\n<p><strong>Address:<\/strong> Verkstedl\u00f8ypa 28, 8626 Mo i Rana[\/vc_column_text][vc_toggle title=&#8221;More info&#8221; style=&#8221;square_outline&#8221; size=&#8221;lg&#8221;]<\/p>\n<h3>Hall 1:<\/h3>\n<ul>\n<li>Available workshop: approx. 600 m\u00b2<\/li>\n<li>Large gates to the east and west<\/li>\n<li>2 traverse cranes 50 + 10 tons and 15 tons<\/li>\n<\/ul>\n<h3>Hall 2:<\/h3>\n<ul>\n<li>Vacant workshop hall: about 400 m\u00b2, divided into 2 parts<\/li>\n<li>Subsections can be rented<\/li>\n<li>Large gates to the east and west<\/li>\n<\/ul>\n<h3>Both:<\/h3>\n<ul>\n<li>Heating with district heating<\/li>\n<li>Acetylene, oxygen and compressed air<\/li>\n<li>Storage area at workshop<\/li>\n<li>Offices and locker rooms in neighboring buildings<\/li>\n<li>Parking spaces nearby<\/li>\n<li>Access to the canteen in the neighboring building with lunch and dinner<\/li>\n<\/ul>\n<p>[\/vc_toggle][vc_toggle title=&#8221;Contact info for requests&#8221; style=&#8221;square_outline&#8221; size=&#8221;lg&#8221;]<strong><img loading=\"lazy\" decoding=\"async\" class=\"wp-image-21099 alignnone\" src=\"https:\/\/www.mip.no\/wp-content\/uploads\/2018\/03\/MIP-eiendom-Protrett-26.02.18-6469-830x920.jpg?x80950\" alt=\"\" width=\"232\" height=\"257\" \/><\/strong><\/p>\n<p><strong>Arne Westg\u00e5rd<\/strong><br \/>\nProperty manager \/ department manager<br \/>\n+ 47 915 66 434<br \/>\narne.westgard\u00a0( a ) mip.no[\/vc_toggle][\/vc_column][vc_column width=&#8221;2\/3&#8243;][vc_images_carousel images=&#8221;19439,19441,19440,19442&#8243; img_size=&#8221;768&#215;400&#8243; onclick=&#8221;link_no&#8221; speed=&#8221;4000&#8243; wrap=&#8221;yes&#8221; el_class=&#8221;center&#8221;][\/vc_column][\/vc_row][vc_row disable_element=&#8221;yes&#8221;][vc_column width=&#8221;1\/3&#8243;][vc_column_text]<\/p>\n<h2>Workshop Hall<\/h2>\n<p><strong>Address:<\/strong> Sentrale verksteder, Valsel\u00f8ypa 15, 8626 Mo i Rana[\/vc_column_text][vc_toggle title=&#8221;More info&#8221; style=&#8221;square_outline&#8221; size=&#8221;lg&#8221;]<strong>Available workshop hall<\/strong>: approx. 600 m\u00b2.<br \/>\n<strong>Traverse crane<\/strong>: 10 tons.<\/p>\n<p>Heating with district heating<br \/>\nAcetylene, oxygen and compressed air<br \/>\nOffices and locker rooms in neighboring buildings<br \/>\nParking spaces nearby<br \/>\nAccess to the canteen in the neighboring building with lunch and dinner[\/vc_toggle][vc_toggle title=&#8221;Contact info for requests&#8221; style=&#8221;square_outline&#8221; size=&#8221;lg&#8221;]<strong><img loading=\"lazy\" decoding=\"async\" class=\"wp-image-21099 alignnone\" src=\"https:\/\/www.mip.no\/wp-content\/uploads\/2018\/03\/MIP-eiendom-Protrett-26.02.18-6469-830x920.jpg?x80950\" alt=\"\" width=\"232\" height=\"257\" \/><\/strong><\/p>\n<p><strong>Arne Westg\u00e5rd<\/strong><br \/>\nProperty manager \/ department manager<br \/>\n+ 47 915 66 434<br \/>\narne.westgard\u00a0( a ) mip.no[\/vc_toggle][\/vc_column][vc_column width=&#8221;2\/3&#8243;][vc_images_carousel images=&#8221;24261,24263,24259&#8243; img_size=&#8221;768&#215;400&#8243; onclick=&#8221;link_no&#8221; speed=&#8221;4000&#8243; wrap=&#8221;yes&#8221; el_class=&#8221;center&#8221;][\/vc_column][\/vc_row][vc_row disable_element=&#8221;yes&#8221;][vc_column width=&#8221;1\/3&#8243;][vc_column_text]<\/p>\n<h2>Former chemical production-factory available.<\/h2>\n<p>Formerly housed Eka Chemicals Rana AS \u2013 producers of sodium and hydrogen.[\/vc_column_text][vc_toggle title=&#8221;More Info&#8221; style=&#8221;square_outline&#8221; size=&#8221;lg&#8221;]<strong>Area:<\/strong> 42 goals.<br \/>\n<strong>Administration building and wardrobes,<\/strong> 407 sqm.<br \/>\n<strong>Production building<\/strong> of 2153 sqm.<br \/>\n<strong>Cold storage<\/strong> of 1100 sqm.<br \/>\nTwo pieces built-in silos.<br \/>\n640 sqm <strong>warehouse.<\/strong><br \/>\n<strong>Workshop<\/strong> building of 614 sqm.<br \/>\n442 sqm boiler house.<br \/>\nPlenty of water and power.[\/vc_toggle][vc_toggle title=&#8221;Contact info for requests&#8221; style=&#8221;square_outline&#8221; size=&#8221;lg&#8221;]<strong><img loading=\"lazy\" decoding=\"async\" class=\"wp-image-21099 alignnone\" src=\"https:\/\/www.mip.no\/wp-content\/uploads\/2018\/03\/MIP-eiendom-Protrett-26.02.18-6469-830x920.jpg?x80950\" alt=\"\" width=\"232\" height=\"257\" \/><\/strong><\/p>\n<p><strong>Arne Westg\u00e5rd<\/strong><br \/>\nProperty manager \/ department manager<br \/>\n+ 47 915 66 434<br \/>\narne.westgard\u00a0( a ) mip.no[\/vc_toggle][\/vc_column][vc_column width=&#8221;2\/3&#8243;][vc_single_image image=&#8221;16481&#8243; img_size=&#8221;768&#215;400&#8243; alignment=&#8221;center&#8221;][\/vc_column][\/vc_row][vc_row disable_element=&#8221;yes&#8221;][vc_column width=&#8221;1\/3&#8243;][vc_column_text]<\/p>\n<h3 class=\"Default\">KONTORER<\/h3>\n<p><strong>Totalrenoverte lokaler tilgjengelige i 2. etasje i &#8220;Gubygget&#8221; med egen inngang fra bakkeplan med trapperom og heis.<\/strong><\/p>\n<p><strong>Adresse:<\/strong> Halvor Heyerdahls vei 43, 8626 Mo i Rana<\/p>\n<ul>\n<li>Totalrenovert og delvis nybygd i 2017<\/li>\n<li>Kontorer, m\u00f8terom, garderober, spiserom, WC, <strong>totalt ca 230 m<sup>2<\/sup>.<\/strong><\/li>\n<li>Fri parkering for ansatte og bes\u00f8kende.<\/li>\n<\/ul>\n<p>[\/vc_column_text][vc_btn title=&#8221;Se plantegning over lokalene&#8221; style=&#8221;custom&#8221; custom_background=&#8221;#769538&#8243; custom_text=&#8221;#ffffff&#8221; i_icon_fontawesome=&#8221;fa fa-map-o&#8221; add_icon=&#8221;true&#8221; link=&#8221;url:http%3A%2F%2Fwww.mip.no%2Fwp-content%2Fuploads%2F2018%2F02%2F20180215120342244.pdf|||&#8221;][vc_btn title=&#8221;Kontaktinfo for foresp\u00f8rsler&#8221; style=&#8221;custom&#8221; custom_background=&#8221;#769538&#8243; custom_text=&#8221;#ffffff&#8221; link=&#8221;url:http%3A%2F%2Fwww.mip.no%2Fmip-konsernet%2Feiendom%2F%23kontakt|||&#8221;][\/vc_column][vc_column width=&#8221;2\/3&#8243;][vc_row_inner][vc_column_inner width=&#8221;1\/2&#8243;][vc_single_image image=&#8221;20978&#8243; img_size=&#8221;medium&#8221; alignment=&#8221;center&#8221; onclick=&#8221;link_image&#8221;][\/vc_column_inner][vc_column_inner width=&#8221;1\/2&#8243;][vc_single_image image=&#8221;20979&#8243; img_size=&#8221;medium&#8221; alignment=&#8221;center&#8221; onclick=&#8221;link_image&#8221;][\/vc_column_inner][\/vc_row_inner][vc_row_inner][vc_column_inner width=&#8221;1\/2&#8243;][vc_single_image image=&#8221;20982&#8243; img_size=&#8221;medium&#8221; alignment=&#8221;center&#8221; onclick=&#8221;link_image&#8221;][\/vc_column_inner][vc_column_inner width=&#8221;1\/2&#8243;][vc_single_image image=&#8221;20983&#8243; img_size=&#8221;medium&#8221; alignment=&#8221;center&#8221; onclick=&#8221;link_image&#8221;][\/vc_column_inner][\/vc_row_inner][vc_row_inner][vc_column_inner width=&#8221;1\/2&#8243;][vc_single_image image=&#8221;20980&#8243; img_size=&#8221;medium&#8221; alignment=&#8221;center&#8221; onclick=&#8221;link_image&#8221;][\/vc_column_inner][vc_column_inner width=&#8221;1\/2&#8243;][vc_single_image image=&#8221;20981&#8243; img_size=&#8221;medium&#8221; alignment=&#8221;center&#8221; onclick=&#8221;link_image&#8221;][\/vc_column_inner][\/vc_row_inner][\/vc_column][\/vc_row][vc_row disable_element=&#8221;yes&#8221;][vc_column width=&#8221;1\/3&#8243;][vc_column_text]<\/p>\n<h3>Verksted og adm.bygg<\/h3>\n<p><strong>Stort verksted med moderne kontorfasiliteter plassert i tilknytning til kaiomr\u00e5der.<\/strong><\/p>\n<p><strong>Adresse:<\/strong> Terminalveien 21, 8624 Mo i Rana<br \/>\n<strong>Bygge\u00e5r:<\/strong> 2012<br \/>\n<strong>700 m2 verksted<\/strong><br \/>\n<strong>200 m2 kontorer<\/strong>, m\u00f8terom, spiserom og garderober<br \/>\n<strong>Traverskran<\/strong> 15 tonn<\/p>\n<ul>\n<li>Oppvarming med fjernvarme<\/li>\n<li>Parkeringsplasser<\/li>\n<li>Inngjerdet lageromr\u00e5de<\/li>\n<li>Gunstig beliggenhet n\u00e6rt kai og industriparken<\/li>\n<\/ul>\n<p>[\/vc_column_text][vc_btn title=&#8221;Kontaktinfo for foresp\u00f8rsler&#8221; style=&#8221;custom&#8221; custom_background=&#8221;#769538&#8243; custom_text=&#8221;#ffffff&#8221; link=&#8221;url:http%3A%2F%2Fwww.mip.no%2Fmip-konsernet%2Feiendom%2F%23kontakt|||&#8221;][\/vc_column][vc_column width=&#8221;2\/3&#8243;][vc_row_inner][vc_column_inner width=&#8221;1\/2&#8243;][vc_single_image image=&#8221;20986&#8243; img_size=&#8221;medium&#8221; alignment=&#8221;center&#8221; onclick=&#8221;link_image&#8221;][\/vc_column_inner][vc_column_inner width=&#8221;1\/2&#8243;][vc_single_image image=&#8221;20988&#8243; img_size=&#8221;1280&#215;774&#8243; alignment=&#8221;center&#8221; onclick=&#8221;link_image&#8221;][\/vc_column_inner][\/vc_row_inner][vc_row_inner][vc_column_inner width=&#8221;1\/2&#8243;][vc_single_image image=&#8221;20987&#8243; img_size=&#8221;medium&#8221; alignment=&#8221;center&#8221; onclick=&#8221;link_image&#8221;][\/vc_column_inner][vc_column_inner width=&#8221;1\/2&#8243;][vc_single_image image=&#8221;20989&#8243; img_size=&#8221;medium&#8221; alignment=&#8221;center&#8221; onclick=&#8221;link_image&#8221;][\/vc_column_inner][\/vc_row_inner][\/vc_column][\/vc_row][vc_row disable_element=&#8221;yes&#8221;][vc_column width=&#8221;1\/3&#8243;][vc_column_text]Sentrale verksteder, Valsel\u00f8ypa 11-13, 8626 Mo i Rana<\/p>\n<p>Ledig verkstedhall ca 2400 m2, (inklusive lite kontorareal)<br \/>\nBredde verkstedhall ca. 22 m<br \/>\nLengde verkstedhall ca. 108 m<br \/>\n2 porter; 10,5 m bredde x 9 m h\u00f8yde, 5 m bredde x 6 m h\u00f8yde<br \/>\n3 traverskraner,<br \/>\n2 utstyrt med 1 heisverk, 16 tonns l\u00f8ftekapasitet, ca 8,25 m l\u00f8fteh\u00f8yde<br \/>\n1 utstyrt med 2 heisverk, 2 x 20 tonn l\u00f8ftekapasitet og 8,25 m l\u00f8fteh\u00f8yde<br \/>\nOppvarming med fjernvarme<br \/>\nAcetylen, oxygen og trykkluft<br \/>\nGarderobeplasser kan leies i nabobygg<br \/>\nTilgang til kantine i omr\u00e5det (Aga sentrale verksteder) med lunch og middagsservering samt catering<br \/>\nParkeringsplasser til leie i n\u00e6romr\u00e5det[\/vc_column_text][vc_btn title=&#8221;Kontaktinfo for foresp\u00f8rsler&#8221; style=&#8221;custom&#8221; custom_background=&#8221;#769538&#8243; custom_text=&#8221;#ffffff&#8221; link=&#8221;url:http%3A%2F%2Fwww.mip.no%2Fmip-konsernet%2Feiendom%2F%23kontakt|||&#8221;][\/vc_column][vc_column width=&#8221;2\/3&#8243;][vc_single_image image=&#8221;19434&#8243; img_size=&#8221;large&#8221; alignment=&#8221;center&#8221;][\/vc_column][\/vc_row]<\/p>\n<\/section>","protected":false},"excerpt":{"rendered":"[vc_row][vc_column][vc_row_inner css=&#8221;.vc_custom_1497429450456{margin-top: 50px !important;}&#8221;][vc_column_inner width=&#8221;1\/2&#8243;][vc_icon icon_fontawesome=&#8221;fa fa-building-o&#8221; color=&#8221;black&#8221; size=&#8221;xl&#8221; align=&#8221;right&#8221;][\/vc_column_inner][vc_column_inner width=&#8221;1\/2&#8243;][vc_icon icon_fontawesome=&#8221;fa fa-industry&#8221; color=&#8221;black&#8221; size=&#8221;xl&#8221;][\/vc_column_inner][\/vc_row_inner][vc_column_text] Space for hire in Mo Industrial Park [\/vc_column_text][vc_column_text el_class=&#8221;smal center&#8221;] We\u2019re always looking to let places for growing businesses \u2013 do not hesitate to get in touch if you can\u2019t find what you\u2019re looking for. [\/vc_column_text][\/vc_column][\/vc_row][vc_row disable_element=&#8221;yes&#8221;][vc_column width=&#8221;1\/3&#8243;][vc_column_text] Production \/ [&hellip;]","protected":false},"author":125,"featured_media":0,"parent":0,"menu_order":0,"comment_status":"closed","ping_status":"closed","template":"","meta":{"footnotes":""},"class_list":["post-16573","page","type-page","status-publish","hentry"],"_links":{"self":[{"href":"https:\/\/www.mip.no\/en\/wp-json\/wp\/v2\/pages\/16573","targetHints":{"allow":["GET"]}}],"collection":[{"href":"https:\/\/www.mip.no\/en\/wp-json\/wp\/v2\/pages"}],"about":[{"href":"https:\/\/www.mip.no\/en\/wp-json\/wp\/v2\/types\/page"}],"author":[{"embeddable":true,"href":"https:\/\/www.mip.no\/en\/wp-json\/wp\/v2\/users\/125"}],"replies":[{"embeddable":true,"href":"https:\/\/www.mip.no\/en\/wp-json\/wp\/v2\/comments?post=16573"}],"version-history":[{"count":18,"href":"https:\/\/www.mip.no\/en\/wp-json\/wp\/v2\/pages\/16573\/revisions"}],"predecessor-version":[{"id":31547,"href":"https:\/\/www.mip.no\/en\/wp-json\/wp\/v2\/pages\/16573\/revisions\/31547"}],"wp:attachment":[{"href":"https:\/\/www.mip.no\/en\/wp-json\/wp\/v2\/media?parent=16573"}],"curies":[{"name":"wp","href":"https:\/\/api.w.org\/{rel}","templated":true}]}}